{"id":837,"date":"2025-07-16T15:37:59","date_gmt":"2025-07-16T15:37:59","guid":{"rendered":"https:\/\/novamarketing.luxoragency.com\/?page_id=837"},"modified":"2025-09-09T18:20:44","modified_gmt":"2025-09-09T16:20:44","slug":"about","status":"publish","type":"page","link":"https:\/\/ambrozowiczwedding.pl\/?page_id=837","title":{"rendered":"About"},"content":{"rendered":"\t\t<div data-elementor-type=\"wp-page\" data-elementor-id=\"837\" class=\"elementor elementor-837\">\n\t\t\t\t<div class=\"elementor-element elementor-element-f34e769 e-con-full e-flex e-con e-parent\" data-id=\"f34e769\" data-element_type=\"container\" data-settings=\"{&quot;background_background&quot;:&quot;classic&quot;}\">\n\t\t\t\t<div class=\"elementor-element elementor-element-6a27c1c elementor-widget__width-initial elementor-widget elementor-widget-second_block\" data-id=\"6a27c1c\" data-element_type=\"widget\" data-widget_type=\"second_block.default\">\n\t\t\t\t<div class=\"elementor-widget-container\">\n\t\t\t\t\t        <div class=\"second-block-padding\" style=\"position: relative; z-index: -1;\">\r\n            <div class=\"second-block-wrapper\">\r\n                <div class=\"second-block-flex\">\r\n                    <style>\r\n.second-block-flex {\r\n    display: flex;\r\n    flex-direction: row;\r\n    align-items: center;\r\n    justify-content: space-between;\r\n    gap: 40px;\r\n}\r\n@media (max-width: 1200px) {\r\n    .second-block-flex {\r\n        flex-direction: column !important;\r\n        width: 100vw !important;\r\n        max-width: 100vw !important;\r\n        align-items: center !important;\r\n        justify-content: flex-start !important;\r\n        gap: 0 !important;\r\n    }\r\n    .second-block-left,\r\n    .second-block-right {\r\n        width: 100% !important;\r\n        max-width: 100vw !important;\r\n        box-sizing: border-box !important;\r\n        padding: 0 !important;\r\n        margin: 0 !important;\r\n    }\r\n    .second-block-left {\r\n        order: 1 !important;\r\n    }\r\n    .second-block-right {\r\n        order: 2 !important;\r\n    }\r\n    .second-block-left img {\r\n        display: block !important;\r\n        margin: 0 auto !important;\r\n        max-width: 80vw !important;\r\n        height: auto !important;\r\n    }\r\n    .second-block-texts {\r\n        width: 100% !important;\r\n        max-width: 90vw !important;\r\n        text-align: center !important;\r\n        margin: 0 auto !important;\r\n        padding: 0 !important;\r\n    }\r\n.second-block-texts .line-1,\r\n.second-block-texts .line-3 {\r\n    display: block !important;\r\n\tmargin-left: auto !important;\r\n\tmargin-right: auto !important;\r\n    max-width: 90vw !important;\r\n    text-align: center !important;\r\n}\r\n.second-block-texts .line-2 {\r\n    display: block !important;\r\n    margin-left: auto !important;\r\n    margin-right: auto !important;\r\n    \/* NIET margin-top\/margin-bottom! Laat Elementor dit bepalen! *\/\r\n    max-width: 90vw !important;\r\n    text-align: center !important;\r\n}\r\n    }\r\n                    <\/style>\r\n                    <div class=\"second-block-left\">\r\n                                                    <img decoding=\"async\" src=\"https:\/\/ambrozowiczwedding.pl\/wp-content\/uploads\/2025\/08\/Art-Focus155-scaled.jpg\" alt=\"Afbeelding\" \/>\r\n                                            <\/div>\r\n                    <div class=\"second-block-right\">\r\n                        <div class=\"second-block-texts\">\r\n                            <p class=\"line-1\">O MNIE<\/p>\r\n                            <p class=\"line-2\"><\/p>\r\n                            <p class=\"line-3\">Cze\u015b\u0107, mam na imi\u0119 Gabriela i jestem w\u0142a\u015bcicielk\u0105 marki Ambrozowicz Wedding. Moja przygoda z bran\u017c\u0105 \u015blubn\u0105 zacz\u0119\u0142a si\u0119 z pasji do tworzenia wyj\u0105tkowych chwil i marzenia, by pomaga\u0107 Parom M\u0142odym w prze\u017cyciu najpi\u0119kniejszego dnia w ich \u017cyciu.  Uko\u0144czy\u0142am szkolenia, dzi\u0119ki kt\u00f3rym zdoby\u0142am solidn\u0105 wiedz\u0119 z zakresu planowania, koordynacji i stylizacji uroczysto\u015bci. Jestem tak\u017ce celebrantk\u0105 \u015blubn\u0105, co pozwala mi nie tylko organizowa\u0107, ale r\u00f3wnie\u017c osobi\u015bcie prowadzi\u0107 wzruszaj\u0105ce, indywidualnie dopasowane ceremonie.  Dzia\u0142am z sercem, kreatywno\u015bci\u0105 i dba\u0142o\u015bci\u0105 o detale.    Moim celem jest, aby Wasz \u015blub by\u0142 odzwierciedleniem Waszej historii i osobowo\u015bci \u2013 elegancki, sp\u00f3jny i pe\u0142en emocji. Nawet je\u015bli nie macie jeszcze gotowej wizji \u2013 wsp\u00f3lnie j\u0105 stworzymy. Dzi\u0119ki mojej pomocy unikniecie stresu, zaoszcz\u0119dzicie czas i b\u0119dziecie mogli skupi\u0107 si\u0119 na tym, co najwa\u017cniejsze \u2013 na sobie i Waszej mi\u0142o\u015bci.<\/p>\r\n                        <\/div>\r\n                    <\/div>\r\n                <\/div>\r\n            <\/div>\r\n        <\/div>\r\n        \t\t\t\t<\/div>\n\t\t\t\t<\/div>\n\t\t\t\t<\/div>\n\t\t<div class=\"elementor-element elementor-element-f91ade3 e-grid e-con-boxed e-con e-parent\" data-id=\"f91ade3\" data-element_type=\"container\">\n\t\t\t\t\t<div class=\"e-con-inner\">\n\t\t\t\t<div class=\"elementor-element elementor-element-c381b56 elementor-widget elementor-widget-image\" data-id=\"c381b56\" data-element_type=\"widget\" data-widget_type=\"image.default\">\n\t\t\t\t\t\t\t\t\t\t\t\t\t\t\t<img fetchpriority=\"high\" decoding=\"async\" width=\"724\" height=\"1024\" src=\"https:\/\/ambrozowiczwedding.pl\/wp-content\/uploads\/2025\/08\/Zdjecie-WhatsApp-2025-08-08-o-17.05.29_0e1e8194-724x1024.jpg\" class=\"attachment-large size-large wp-image-1607\" alt=\"\" srcset=\"https:\/\/ambrozowiczwedding.pl\/wp-content\/uploads\/2025\/08\/Zdjecie-WhatsApp-2025-08-08-o-17.05.29_0e1e8194-724x1024.jpg 724w, https:\/\/ambrozowiczwedding.pl\/wp-content\/uploads\/2025\/08\/Zdjecie-WhatsApp-2025-08-08-o-17.05.29_0e1e8194-212x300.jpg 212w, https:\/\/ambrozowiczwedding.pl\/wp-content\/uploads\/2025\/08\/Zdjecie-WhatsApp-2025-08-08-o-17.05.29_0e1e8194-768x1086.jpg 768w, https:\/\/ambrozowiczwedding.pl\/wp-content\/uploads\/2025\/08\/Zdjecie-WhatsApp-2025-08-08-o-17.05.29_0e1e8194-1086x1536.jpg 1086w, https:\/\/ambrozowiczwedding.pl\/wp-content\/uploads\/2025\/08\/Zdjecie-WhatsApp-2025-08-08-o-17.05.29_0e1e8194.jpg 1448w\" sizes=\"(max-width: 724px) 100vw, 724px\" \/>\t\t\t\t\t\t\t\t\t\t\t\t\t\t\t<\/div>\n\t\t\t\t<div class=\"elementor-element elementor-element-47ead3c elementor-widget elementor-widget-image\" data-id=\"47ead3c\" data-element_type=\"widget\" data-widget_type=\"image.default\">\n\t\t\t\t\t\t\t\t\t\t\t\t\t\t\t<img decoding=\"async\" width=\"820\" height=\"1024\" src=\"https:\/\/ambrozowiczwedding.pl\/wp-content\/uploads\/2025\/08\/Zdjecie-WhatsApp-2025-08-08-o-17.05.23_8291cc26-820x1024.jpg\" class=\"attachment-large size-large wp-image-1605\" alt=\"\" srcset=\"https:\/\/ambrozowiczwedding.pl\/wp-content\/uploads\/2025\/08\/Zdjecie-WhatsApp-2025-08-08-o-17.05.23_8291cc26-820x1024.jpg 820w, https:\/\/ambrozowiczwedding.pl\/wp-content\/uploads\/2025\/08\/Zdjecie-WhatsApp-2025-08-08-o-17.05.23_8291cc26-240x300.jpg 240w, https:\/\/ambrozowiczwedding.pl\/wp-content\/uploads\/2025\/08\/Zdjecie-WhatsApp-2025-08-08-o-17.05.23_8291cc26-768x960.jpg 768w, https:\/\/ambrozowiczwedding.pl\/wp-content\/uploads\/2025\/08\/Zdjecie-WhatsApp-2025-08-08-o-17.05.23_8291cc26-1229x1536.jpg 1229w, https:\/\/ambrozowiczwedding.pl\/wp-content\/uploads\/2025\/08\/Zdjecie-WhatsApp-2025-08-08-o-17.05.23_8291cc26.jpg 1447w\" sizes=\"(max-width: 820px) 100vw, 820px\" \/>\t\t\t\t\t\t\t\t\t\t\t\t\t\t\t<\/div>\n\t\t\t\t<div class=\"elementor-element elementor-element-ecf9892 elementor-widget elementor-widget-image\" data-id=\"ecf9892\" data-element_type=\"widget\" data-widget_type=\"image.default\">\n\t\t\t\t\t\t\t\t\t\t\t\t\t\t\t<img decoding=\"async\" width=\"724\" height=\"1024\" src=\"https:\/\/ambrozowiczwedding.pl\/wp-content\/uploads\/2025\/08\/Zdjecie-WhatsApp-2025-08-08-o-17.05.25_608838c6-724x1024.jpg\" class=\"attachment-large size-large wp-image-1606\" alt=\"\" srcset=\"https:\/\/ambrozowiczwedding.pl\/wp-content\/uploads\/2025\/08\/Zdjecie-WhatsApp-2025-08-08-o-17.05.25_608838c6-724x1024.jpg 724w, https:\/\/ambrozowiczwedding.pl\/wp-content\/uploads\/2025\/08\/Zdjecie-WhatsApp-2025-08-08-o-17.05.25_608838c6-212x300.jpg 212w, https:\/\/ambrozowiczwedding.pl\/wp-content\/uploads\/2025\/08\/Zdjecie-WhatsApp-2025-08-08-o-17.05.25_608838c6-768x1086.jpg 768w, https:\/\/ambrozowiczwedding.pl\/wp-content\/uploads\/2025\/08\/Zdjecie-WhatsApp-2025-08-08-o-17.05.25_608838c6-1086x1536.jpg 1086w, https:\/\/ambrozowiczwedding.pl\/wp-content\/uploads\/2025\/08\/Zdjecie-WhatsApp-2025-08-08-o-17.05.25_608838c6.jpg 1448w\" sizes=\"(max-width: 724px) 100vw, 724px\" \/>\t\t\t\t\t\t\t\t\t\t\t\t\t\t\t<\/div>\n\t\t\t\t\t<\/div>\n\t\t\t\t<\/div>\n\t\t<div class=\"elementor-element elementor-element-f9d36ef e-con-full e-flex e-con e-parent\" data-id=\"f9d36ef\" data-element_type=\"container\">\n\t\t\t\t<div class=\"elementor-element elementor-element-0c02548 elementor-widget__width-inherit elementor-widget elementor-widget-vertical_slider_block\" data-id=\"0c02548\" data-element_type=\"widget\" data-widget_type=\"vertical_slider_block.default\">\n\t\t\t\t<div class=\"elementor-widget-container\">\n\t\t\t\t\t    <style>\r\n.vs-block-wrapper .ast-button {\r\n    background: #BFB1A4 !important;\r\n    color: #fff !important;\r\n}\r\n.vs-block-wrapper {\r\n    background-image: url('https:\/\/ambrozowiczwedding.pl\/wp-content\/uploads\/2025\/08\/Sesja-stylizowana-74-scaled.jpg');\r\n    background-size: cover;\r\n    background-position: center;\r\n    background-attachment: fixed;\r\n    padding: 120px 20px;\r\n    text-align: center;\r\n}\r\n\r\n.vs-subheader {\r\n    margin-bottom: 10px;\r\n}\r\n\r\n.vs-header {\r\n    margin: 0 auto 20px;\r\n    font-weight: bold;\r\n    max-width: 700px;\r\n}\r\n\r\n.vs-content {\r\n    margin: 0 auto 30px;\r\n    max-width: 500px;\r\n}\r\n\r\n\/* Mobiel & tablet: geen parallax, wel mooi plaatje *\/\r\n@media (max-width: 1024px) {\r\n    .vs-block-wrapper {\r\n        background-attachment: scroll !important;\r\n        background-position: center center !important;\r\n        background-size: cover !important;\r\n    }\r\n}\r\n    <\/style>\r\n    <div class=\"vs-block-wrapper\">\r\n        <div class=\"vs-subheader\"><\/div>\r\n        <div class=\"vs-header\">Um\u00f3wmy si\u0119 na rozmow\u0119<\/div>\r\n        <div class=\"vs-content\">Marzycie o idealnym \u015blubie? Porozmawiajmy o tym, jak mog\u0119 Wam w tym pom\u00f3c.<\/div>\r\n        <a class=\"ast-button\" href=\"https:\/\/ambrozowiczwedding.pl\/?page_id=839\" target=\"_blank\">\r\n            KONTAKT        <\/a>\r\n    <\/div>\r\n    \t\t\t\t<\/div>\n\t\t\t\t<\/div>\n\t\t\t\t<\/div>\n\t\t\t\t<\/div>\n\t\t","protected":false},"excerpt":{"rendered":"<p>O MNIE Cze\u015b\u0107, mam na imi\u0119 Gabriela i jestem w\u0142a\u015bcicielk\u0105 marki Ambrozowicz Wedding. Moja przygoda z bran\u017c\u0105 \u015blubn\u0105 zacz\u0119\u0142a si\u0119 z pasji do tworzenia wyj\u0105tkowych chwil i marzenia, by pomaga\u0107 Parom M\u0142odym w prze\u017cyciu najpi\u0119kniejszego dnia w ich \u017cyciu. Uko\u0144czy\u0142am szkolenia, dzi\u0119ki kt\u00f3rym zdoby\u0142am solidn\u0105 wiedz\u0119 z zakresu planowania, koordynacji i stylizacji uroczysto\u015bci. Jestem tak\u017ce [&hellip;]<\/p>\n","protected":false},"author":1,"featured_media":0,"parent":0,"menu_order":0,"comment_status":"closed","ping_status":"closed","template":"","meta":{"site-sidebar-layout":"no-sidebar","site-content-layout":"","ast-site-content-layout":"full-width-container","site-content-style":"default","site-sidebar-style":"default","ast-global-header-display":"","ast-banner-title-visibility":"","ast-main-header-display":"","ast-hfb-above-header-display":"","ast-hfb-below-header-display":"","ast-hfb-mobile-header-display":"","site-post-title":"disabled","ast-breadcrumbs-content":"","ast-featured-img":"disabled","footer-sml-layout":"","theme-transparent-header-meta":"","adv-header-id-meta":"","stick-header-meta":"","header-above-stick-meta":"","header-main-stick-meta":"","header-below-stick-meta":"","astra-migrate-meta-layouts":"default","ast-page-background-enabled":"default","ast-page-background-meta":{"desktop":{"background-color":"var(--ast-global-color-5)","background-image":"","background-repeat":"repeat","background-position":"center center","background-size":"auto","background-attachment":"scroll","background-type":"","background-media":"","overlay-type":"","overlay-color":"","overlay-opacity":"","overlay-gradient":""},"tablet":{"background-color":"","background-image":"","background-repeat":"repeat","background-position":"center center","background-size":"auto","background-attachment":"scroll","background-type":"","background-media":"","overlay-type":"","overlay-color":"","overlay-opacity":"","overlay-gradient":""},"mobile":{"background-color":"","background-image":"","background-repeat":"repeat","background-position":"center center","background-size":"auto","background-attachment":"scroll","background-type":"","background-media":"","overlay-type":"","overlay-color":"","overlay-opacity":"","overlay-gradient":""}},"ast-content-background-meta":{"desktop":{"background-color":"var(--ast-global-color-4)","background-image":"","background-repeat":"repeat","background-position":"center center","background-size":"auto","background-attachment":"scroll","background-type":"","background-media":"","overlay-type":"","overlay-color":"","overlay-opacity":"","overlay-gradient":""},"tablet":{"background-color":"var(--ast-global-color-4)","background-image":"","background-repeat":"repeat","background-position":"center center","background-size":"auto","background-attachment":"scroll","background-type":"","background-media":"","overlay-type":"","overlay-color":"","overlay-opacity":"","overlay-gradient":""},"mobile":{"background-color":"var(--ast-global-color-4)","background-image":"","background-repeat":"repeat","background-position":"center center","background-size":"auto","background-attachment":"scroll","background-type":"","background-media":"","overlay-type":"","overlay-color":"","overlay-opacity":"","overlay-gradient":""}},"footnotes":""},"class_list":["post-837","page","type-page","status-publish","hentry"],"yoast_head":"<!-- This site is optimized with the Yoast SEO plugin v25.6 - https:\/\/yoast.com\/wordpress\/plugins\/seo\/ -->\n<title>About - Ambrozowicz Wedding<\/title>\n<meta name=\"robots\" content=\"index, follow, max-snippet:-1, max-image-preview:large, max-video-preview:-1\" \/>\n<link rel=\"canonical\" href=\"https:\/\/ambrozowiczwedding.pl\/?page_id=837\" \/>\n<meta property=\"og:locale\" content=\"pl_PL\" \/>\n<meta property=\"og:type\" content=\"article\" \/>\n<meta property=\"og:title\" content=\"About - Ambrozowicz Wedding\" \/>\n<meta property=\"og:description\" content=\"O MNIE Cze\u015b\u0107, mam na imi\u0119 Gabriela i jestem w\u0142a\u015bcicielk\u0105 marki Ambrozowicz Wedding. Moja przygoda z bran\u017c\u0105 \u015blubn\u0105 zacz\u0119\u0142a si\u0119 z pasji do tworzenia wyj\u0105tkowych chwil i marzenia, by pomaga\u0107 Parom M\u0142odym w prze\u017cyciu najpi\u0119kniejszego dnia w ich \u017cyciu. Uko\u0144czy\u0142am szkolenia, dzi\u0119ki kt\u00f3rym zdoby\u0142am solidn\u0105 wiedz\u0119 z zakresu planowania, koordynacji i stylizacji uroczysto\u015bci. Jestem tak\u017ce [&hellip;]\" \/>\n<meta property=\"og:url\" content=\"https:\/\/ambrozowiczwedding.pl\/?page_id=837\" \/>\n<meta property=\"og:site_name\" content=\"Ambrozowicz Wedding\" \/>\n<meta property=\"article:modified_time\" content=\"2025-09-09T16:20:44+00:00\" \/>\n<meta property=\"og:image\" content=\"http:\/\/ambrozowiczwedding.pl\/wp-content\/uploads\/2025\/08\/Art-Focus155-scaled.jpg\" \/>\n<meta name=\"twitter:card\" content=\"summary_large_image\" \/>\n<meta name=\"twitter:label1\" content=\"Szacowany czas czytania\" \/>\n\t<meta name=\"twitter:data1\" content=\"2 minuty\" \/>\n<script type=\"application\/ld+json\" class=\"yoast-schema-graph\">{\"@context\":\"https:\/\/schema.org\",\"@graph\":[{\"@type\":\"WebPage\",\"@id\":\"https:\/\/ambrozowiczwedding.pl\/?page_id=837\",\"url\":\"https:\/\/ambrozowiczwedding.pl\/?page_id=837\",\"name\":\"About - Ambrozowicz Wedding\",\"isPartOf\":{\"@id\":\"https:\/\/ambrozowiczwedding.pl\/#website\"},\"primaryImageOfPage\":{\"@id\":\"https:\/\/ambrozowiczwedding.pl\/?page_id=837#primaryimage\"},\"image\":{\"@id\":\"https:\/\/ambrozowiczwedding.pl\/?page_id=837#primaryimage\"},\"thumbnailUrl\":\"http:\/\/ambrozowiczwedding.pl\/wp-content\/uploads\/2025\/08\/Art-Focus155-scaled.jpg\",\"datePublished\":\"2025-07-16T15:37:59+00:00\",\"dateModified\":\"2025-09-09T16:20:44+00:00\",\"breadcrumb\":{\"@id\":\"https:\/\/ambrozowiczwedding.pl\/?page_id=837#breadcrumb\"},\"inLanguage\":\"pl-PL\",\"potentialAction\":[{\"@type\":\"ReadAction\",\"target\":[\"https:\/\/ambrozowiczwedding.pl\/?page_id=837\"]}]},{\"@type\":\"ImageObject\",\"inLanguage\":\"pl-PL\",\"@id\":\"https:\/\/ambrozowiczwedding.pl\/?page_id=837#primaryimage\",\"url\":\"http:\/\/ambrozowiczwedding.pl\/wp-content\/uploads\/2025\/08\/Art-Focus155-scaled.jpg\",\"contentUrl\":\"http:\/\/ambrozowiczwedding.pl\/wp-content\/uploads\/2025\/08\/Art-Focus155-scaled.jpg\"},{\"@type\":\"BreadcrumbList\",\"@id\":\"https:\/\/ambrozowiczwedding.pl\/?page_id=837#breadcrumb\",\"itemListElement\":[{\"@type\":\"ListItem\",\"position\":1,\"name\":\"Home\",\"item\":\"https:\/\/ambrozowiczwedding.pl\/\"},{\"@type\":\"ListItem\",\"position\":2,\"name\":\"About\"}]},{\"@type\":\"WebSite\",\"@id\":\"https:\/\/ambrozowiczwedding.pl\/#website\",\"url\":\"https:\/\/ambrozowiczwedding.pl\/\",\"name\":\"Ambrozowicz Wedding\",\"description\":\"\",\"potentialAction\":[{\"@type\":\"SearchAction\",\"target\":{\"@type\":\"EntryPoint\",\"urlTemplate\":\"https:\/\/ambrozowiczwedding.pl\/?s={search_term_string}\"},\"query-input\":{\"@type\":\"PropertyValueSpecification\",\"valueRequired\":true,\"valueName\":\"search_term_string\"}}],\"inLanguage\":\"pl-PL\"}]}<\/script>\n<!-- \/ Yoast SEO plugin. -->","yoast_head_json":{"title":"About - Ambrozowicz Wedding","robots":{"index":"index","follow":"follow","max-snippet":"max-snippet:-1","max-image-preview":"max-image-preview:large","max-video-preview":"max-video-preview:-1"},"canonical":"https:\/\/ambrozowiczwedding.pl\/?page_id=837","og_locale":"pl_PL","og_type":"article","og_title":"About - Ambrozowicz Wedding","og_description":"O MNIE Cze\u015b\u0107, mam na imi\u0119 Gabriela i jestem w\u0142a\u015bcicielk\u0105 marki Ambrozowicz Wedding. Moja przygoda z bran\u017c\u0105 \u015blubn\u0105 zacz\u0119\u0142a si\u0119 z pasji do tworzenia wyj\u0105tkowych chwil i marzenia, by pomaga\u0107 Parom M\u0142odym w prze\u017cyciu najpi\u0119kniejszego dnia w ich \u017cyciu. Uko\u0144czy\u0142am szkolenia, dzi\u0119ki kt\u00f3rym zdoby\u0142am solidn\u0105 wiedz\u0119 z zakresu planowania, koordynacji i stylizacji uroczysto\u015bci. Jestem tak\u017ce [&hellip;]","og_url":"https:\/\/ambrozowiczwedding.pl\/?page_id=837","og_site_name":"Ambrozowicz Wedding","article_modified_time":"2025-09-09T16:20:44+00:00","og_image":[{"url":"http:\/\/ambrozowiczwedding.pl\/wp-content\/uploads\/2025\/08\/Art-Focus155-scaled.jpg","type":"","width":"","height":""}],"twitter_card":"summary_large_image","twitter_misc":{"Szacowany czas czytania":"2 minuty"},"schema":{"@context":"https:\/\/schema.org","@graph":[{"@type":"WebPage","@id":"https:\/\/ambrozowiczwedding.pl\/?page_id=837","url":"https:\/\/ambrozowiczwedding.pl\/?page_id=837","name":"About - Ambrozowicz Wedding","isPartOf":{"@id":"https:\/\/ambrozowiczwedding.pl\/#website"},"primaryImageOfPage":{"@id":"https:\/\/ambrozowiczwedding.pl\/?page_id=837#primaryimage"},"image":{"@id":"https:\/\/ambrozowiczwedding.pl\/?page_id=837#primaryimage"},"thumbnailUrl":"http:\/\/ambrozowiczwedding.pl\/wp-content\/uploads\/2025\/08\/Art-Focus155-scaled.jpg","datePublished":"2025-07-16T15:37:59+00:00","dateModified":"2025-09-09T16:20:44+00:00","breadcrumb":{"@id":"https:\/\/ambrozowiczwedding.pl\/?page_id=837#breadcrumb"},"inLanguage":"pl-PL","potentialAction":[{"@type":"ReadAction","target":["https:\/\/ambrozowiczwedding.pl\/?page_id=837"]}]},{"@type":"ImageObject","inLanguage":"pl-PL","@id":"https:\/\/ambrozowiczwedding.pl\/?page_id=837#primaryimage","url":"http:\/\/ambrozowiczwedding.pl\/wp-content\/uploads\/2025\/08\/Art-Focus155-scaled.jpg","contentUrl":"http:\/\/ambrozowiczwedding.pl\/wp-content\/uploads\/2025\/08\/Art-Focus155-scaled.jpg"},{"@type":"BreadcrumbList","@id":"https:\/\/ambrozowiczwedding.pl\/?page_id=837#breadcrumb","itemListElement":[{"@type":"ListItem","position":1,"name":"Home","item":"https:\/\/ambrozowiczwedding.pl\/"},{"@type":"ListItem","position":2,"name":"About"}]},{"@type":"WebSite","@id":"https:\/\/ambrozowiczwedding.pl\/#website","url":"https:\/\/ambrozowiczwedding.pl\/","name":"Ambrozowicz Wedding","description":"","potentialAction":[{"@type":"SearchAction","target":{"@type":"EntryPoint","urlTemplate":"https:\/\/ambrozowiczwedding.pl\/?s={search_term_string}"},"query-input":{"@type":"PropertyValueSpecification","valueRequired":true,"valueName":"search_term_string"}}],"inLanguage":"pl-PL"}]}},"_links":{"self":[{"href":"https:\/\/ambrozowiczwedding.pl\/index.php?rest_route=\/wp\/v2\/pages\/837","targetHints":{"allow":["GET"]}}],"collection":[{"href":"https:\/\/ambrozowiczwedding.pl\/index.php?rest_route=\/wp\/v2\/pages"}],"about":[{"href":"https:\/\/ambrozowiczwedding.pl\/index.php?rest_route=\/wp\/v2\/types\/page"}],"author":[{"embeddable":true,"href":"https:\/\/ambrozowiczwedding.pl\/index.php?rest_route=\/wp\/v2\/users\/1"}],"replies":[{"embeddable":true,"href":"https:\/\/ambrozowiczwedding.pl\/index.php?rest_route=%2Fwp%2Fv2%2Fcomments&post=837"}],"version-history":[{"count":6,"href":"https:\/\/ambrozowiczwedding.pl\/index.php?rest_route=\/wp\/v2\/pages\/837\/revisions"}],"predecessor-version":[{"id":1740,"href":"https:\/\/ambrozowiczwedding.pl\/index.php?rest_route=\/wp\/v2\/pages\/837\/revisions\/1740"}],"wp:attachment":[{"href":"https:\/\/ambrozowiczwedding.pl\/index.php?rest_route=%2Fwp%2Fv2%2Fmedia&parent=837"}],"curies":[{"name":"wp","href":"https:\/\/api.w.org\/{rel}","templated":true}]}}