{"id":839,"date":"2025-07-16T15:38:20","date_gmt":"2025-07-16T15:38:20","guid":{"rendered":"https:\/\/novamarketing.luxoragency.com\/?page_id=839"},"modified":"2025-08-08T17:24:04","modified_gmt":"2025-08-08T15:24:04","slug":"contact","status":"publish","type":"page","link":"https:\/\/ambrozowiczwedding.pl\/?page_id=839","title":{"rendered":"Contact"},"content":{"rendered":"\t\t<div data-elementor-type=\"wp-page\" data-elementor-id=\"839\" class=\"elementor elementor-839\">\n\t\t\t\t<div class=\"elementor-element elementor-element-07348d9 e-con-full e-flex e-con e-parent\" data-id=\"07348d9\" data-element_type=\"container\" data-settings=\"{&quot;background_background&quot;:&quot;classic&quot;,&quot;shape_divider_top&quot;:&quot;zigzag&quot;}\">\n\t\t\t\t<div class=\"elementor-shape elementor-shape-top\" aria-hidden=\"true\" data-negative=\"false\">\n\t\t\t<svg xmlns=\"http:\/\/www.w3.org\/2000\/svg\" viewBox=\"0 0 1800 5.8\" preserveAspectRatio=\"none\">\n  <path class=\"elementor-shape-fill\" d=\"M5.4.4l5.4 5.3L16.5.4l5.4 5.3L27.5.4 33 5.7 38.6.4l5.5 5.4h.1L49.9.4l5.4 5.3L60.9.4l5.5 5.3L72 .4l5.5 5.3L83.1.4l5.4 5.3L94.1.4l5.5 5.4h.2l5.6-5.4 5.5 5.3 5.6-5.3 5.4 5.3 5.6-5.3 5.5 5.3 5.6-5.3 5.5 5.4h.2l5.6-5.4 5.4 5.3L161 .4l5.4 5.3L172 .4l5.5 5.3 5.6-5.3 5.4 5.3 5.7-5.3 5.4 5.4h.2l5.6-5.4 5.5 5.3 5.6-5.3 5.5 5.3 5.6-5.3 5.4 5.3 5.6-5.3 5.5 5.4h.2l5.6-5.4 5.5 5.3L261 .4l5.4 5.3L272 .4l5.5 5.3 5.6-5.3 5.5 5.3 5.6-5.3 5.5 5.4h.1l5.7-5.4 5.4 5.3 5.6-5.3 5.5 5.3 5.6-5.3 5.4 5.3 5.7-5.3 5.4 5.4h.2l5.6-5.4 5.5 5.3L361 .4l5.5 5.3 5.6-5.3 5.4 5.3 5.6-5.3 5.5 5.3 5.6-5.3 5.5 5.4h.1l5.7-5.4 5.4 5.3 5.6-5.3 5.5 5.3 5.6-5.3 5.5 5.3 5.6-5.3 5.5 5.4h.1l5.6-5.4 5.5 5.3L461 .4l5.5 5.3 5.6-5.3 5.4 5.3 5.7-5.3 5.4 5.3 5.6-5.3 5.5 5.4h.2l5.6-5.4 5.5 5.3 5.6-5.3 5.4 5.3 5.6-5.3 5.5 5.3 5.6-5.3 5.5 5.4h.1L550 .4l5.4 5.3L561 .4l5.5 5.3 5.6-5.3 5.5 5.3 5.6-5.3 5.4 5.3 5.6-5.3 5.5 5.4h.2l5.6-5.4 5.5 5.3 5.6-5.3 5.4 5.3 5.7-5.3 5.4 5.3 5.6-5.3 5.5 5.4h.2L650 .4l5.5 5.3 5.6-5.3 5.4 5.3 5.6-5.3 5.5 5.3 5.6-5.3 5.5 5.3 5.6-5.3 5.4 5.4h.2l5.6-5.4 5.5 5.3 5.6-5.3 5.5 5.3 5.6-5.3 5.4 5.3 5.6-5.3 5.5 5.4h.2L750 .4l5.5 5.3 5.6-5.3 5.4 5.3 5.7-5.3 5.4 5.3 5.6-5.3 5.5 5.3 5.6-5.3 5.5 5.4h.1l5.7-5.4 5.4 5.3 5.6-5.3 5.5 5.3 5.6-5.3 5.5 5.3 5.6-5.3 5.4 5.4h.2L850 .4l5.5 5.3 5.6-5.3 5.5 5.3 5.6-5.3 5.4 5.3 5.6-5.3 5.5 5.3 5.6-5.3 5.5 5.4h.2l5.6-5.4 5.4 5.3 5.7-5.3 5.4 5.3 5.6-5.3 5.5 5.3 5.6-5.3 5.5 5.4h.1l5.7-5.4 5.4 5.3 5.6-5.3 5.5 5.3 5.6-5.3 5.5 5.3 5.6-5.3 5.4 5.3 5.6-5.3 5.5 5.4h.2l5.6-5.4 5.5 5.3 5.6-5.3 5.4 5.3 5.6-5.3 5.5 5.3 5.6-5.3 5.5 5.4h.2l5.6-5.4 5.4 5.3 5.7-5.3 5.4 5.3 5.6-5.3 5.5 5.3 5.6-5.3 5.5 5.3 5.6-5.3 5.4 5.4h.2l5.6-5.4 5.5 5.3 5.6-5.3 5.5 5.3 5.6-5.3 5.4 5.3 5.6-5.3 5.5 5.4h.2l5.6-5.4 5.5 5.3 5.6-5.3 5.4 5.3 5.6-5.3 5.5 5.3 5.6-5.3 5.5 5.3 5.6-5.3 5.5 5.4h.1l5.7-5.4 5.4 5.3 5.6-5.3 5.5 5.3 5.6-5.3 5.5 5.3 5.6-5.3 5.4 5.4h.2l5.6-5.4 5.5 5.3 5.6-5.3 5.5 5.3 5.6-5.3 5.4 5.3 5.6-5.3 5.5 5.3 5.6-5.3 5.5 5.4h.2l5.6-5.4 5.4 5.3 5.6-5.3 5.5 5.3 5.6-5.3 5.5 5.3 5.6-5.3 5.5 5.4h.1l5.7-5.4 5.4 5.3 5.6-5.3 5.5 5.3 5.6-5.3 5.5 5.3 5.6-5.3 5.4 5.3 5.6-5.3 5.5 5.4h.2l5.6-5.4 5.5 5.3 5.6-5.3 5.4 5.3 5.6-5.3 5.5 5.3 5.6-5.3 5.5 5.4h.2l5.6-5.4 5.4 5.3 5.6-5.3 5.5 5.3 5.6-5.3 5.5 5.3 5.6-5.3 5.4 5.3 5.7-5.3 5.4 5.4h.2l5.6-5.4 5.5 5.3 5.6-5.3 5.5 5.3 5.6-5.3 5.4 5.3 5.6-5.3 5.5 5.4h.2l5.6-5.4 5.5 5.3 5.6-5.3 5.4 5.3 5.6-5.3 5.5 5.3 5.6-5.3 5.5 5.3 5.6-5.3 5.5 5.4h.1l5.6-5.4 5.5 5.3 5.6-5.3 5.5 5.3 5.6-5.3 5.4 5.3 5.7-5.3 5.4 5.4h.2l5.6-5.4 5.5 5.3 5.6-5.3 5.5 5.3 5.6-5.3 5.4 5.3 5.6-5.3 5.5 5.3 5.6-5.3 5.5 5.4h.1l5.7-5.4 5.4 5.3 5.6-5.3 5.5 5.3 5.6-5.3 5.5 5.3 5.6-5.3 5.5 5.4h.1l5.6-5.4 5.5 5.3 5.6-5.3 5.5 5.3 5.6-5.3 5.4 5.3 5.7-5.3 5.4 5.3 5.6-5.3 5.5 5.4V0H-.2v5.8z\"\/>\n<\/svg>\n\t\t<\/div>\n\t\t<div class=\"elementor-element elementor-element-85818b1 e-con-full e-flex e-con e-child\" data-id=\"85818b1\" data-element_type=\"container\">\n\t\t<div class=\"elementor-element elementor-element-cd279dd e-con-full e-flex e-con e-child\" data-id=\"cd279dd\" data-element_type=\"container\" data-settings=\"{&quot;background_background&quot;:&quot;classic&quot;}\">\n\t\t\t\t<div class=\"elementor-element elementor-element-5548ed3 elementor-widget elementor-widget-intro_block\" data-id=\"5548ed3\" data-element_type=\"widget\" data-widget_type=\"intro_block.default\">\n\t\t\t\t<div class=\"elementor-widget-container\">\n\t\t\t\t\t        <style>\r\n            .intro-block-wrapper {\r\n                position: relative;\r\n                display: flex;\r\n                align-items: center;\r\n                justify-content: center;\r\n                gap: 30px;\r\n                padding: 40px 20px;\r\n                min-height: 300px;\r\n                background-color: #F7F7F7;\r\n            }\r\n.intro-block-wrapper p { margin: 0; }\r\n            .intro-block-wrapper .side-image {\r\n                position: absolute;\r\n                object-fit: contain;\r\n                top: 0;\r\n                margin: 0;\r\n                transform-origin: top left;\r\n            }\r\n.intro-block-wrapper p { margin: 0; }\r\n            .intro-block-wrapper .left-image {\r\n                left: 0;\r\n                top: 0px;\r\n                transform: scale(0.1);\r\n            }\r\n.intro-block-wrapper p { margin: 0; }\r\n            .intro-block-wrapper .right-image {\r\n                right: 0;\r\n                top: 0;\r\n                width: 362px;\r\n                height: 850px;\r\n            }\r\n.intro-block-wrapper p { margin: 0; }\r\n            .intro-texts {\r\n                max-width: 811px;\r\n                text-align: center;\r\n                margin: 0 auto;\r\n                position: relative;\r\n                z-index: 10;\r\n            }\r\n            .intro-block-wrapper .extra-top-text {\r\n                                    color: #252525;\r\n                                                    letter-spacing: 9px;\r\n                                                    font-size: 56px;\r\n                            }\r\n.intro-block-wrapper p { margin: 0; }\r\n            .intro-block-wrapper .top-text {\r\n    margin-top: 0px;\r\n    color: #252525;\r\n    letter-spacing: -1px;\r\n    font-size: 46px;\r\n}\r\n.intro-block-wrapper p { margin: 0; }\r\n            .intro-block-wrapper .bottom-text {\r\n    color: #252525;\r\n    margin-top: 15px;\r\n}\r\n.intro-block-wrapper p { margin: 0; }\r\n            \r\n            \/* Hide images on devices *\/\r\n                        \r\n                                <\/style>\r\n\r\n        <div class=\"intro-block-wrapper\">\r\n            \r\n            <div class=\"intro-texts\">\r\n                                    <div class=\"extra-top-text\"><p>KONTAKT<\/p><\/div>\r\n                                <div class=\"top-text\"><\/div>\r\n                <div class=\"bottom-text\"><p>Je\u015bli marzycie o \u015blubie, kt\u00f3ry b\u0119dzie niezapomniany, pi\u0119knie spersonalizowany i perfekcyjnie zorganizowany \u2013 trafili\u015bcie w idealne miejsce.<\/p><p>Mail: ambrozowicz.wedding@gmail.com<\/p><p>tel: +48 534 160 345<\/p><\/div>\r\n                            <\/div>\r\n\r\n                    <\/div>\r\n\r\n                    <style>\r\n                \/* Verberg linker afbeelding op laptop\/tablet en mobiel *\/\r\n@media (max-width: 1024px) {\r\n  .intro-block-wrapper .left-image {\r\n    display: none !important;\r\n  }\r\n}\r\n\r\n\/* Verberg rechter afbeelding op laptop\/tablet en mobiel *\/\r\n@media (max-width: 1024px) {\r\n  .intro-block-wrapper .right-image {\r\n    display: none !important;\r\n  }\r\n\r\n\r\n            <\/style>\r\n        \r\n        \t\t\t\t<\/div>\n\t\t\t\t<\/div>\n\t\t\t\t<\/div>\n\t\t\t\t<\/div>\n\t\t<div class=\"elementor-element elementor-element-ac45f65 e-con-full e-flex e-con e-child\" data-id=\"ac45f65\" data-element_type=\"container\">\n\t\t\t\t<div class=\"elementor-element elementor-element-d5b24ba elementor-widget elementor-widget-cf7_widget\" data-id=\"d5b24ba\" data-element_type=\"widget\" data-widget_type=\"cf7_widget.default\">\n\t\t\t\t<div class=\"elementor-widget-container\">\n\t\t\t\t\t\n<div class=\"wpcf7 no-js\" id=\"wpcf7-f1579-o1\" lang=\"pl-PL\" dir=\"ltr\" data-wpcf7-id=\"1579\">\n<div class=\"screen-reader-response\"><p role=\"status\" aria-live=\"polite\" aria-atomic=\"true\"><\/p> <ul><\/ul><\/div>\n<form action=\"\/index.php?rest_route=%2Fwp%2Fv2%2Fpages%2F839#wpcf7-f1579-o1\" method=\"post\" class=\"wpcf7-form init\" aria-label=\"Formularz kontaktowy\" novalidate=\"novalidate\" data-status=\"init\">\n<fieldset class=\"hidden-fields-container\"><input type=\"hidden\" name=\"_wpcf7\" value=\"1579\" \/><input type=\"hidden\" name=\"_wpcf7_version\" value=\"6.1.1\" \/><input type=\"hidden\" name=\"_wpcf7_locale\" value=\"pl_PL\" \/><input type=\"hidden\" name=\"_wpcf7_unit_tag\" value=\"wpcf7-f1579-o1\" \/><input type=\"hidden\" name=\"_wpcf7_container_post\" value=\"0\" \/><input type=\"hidden\" name=\"_wpcf7_posted_data_hash\" value=\"\" \/>\n<\/fieldset>\n<p><label> Twoje imi\u0119 i nazwisko<br \/>\n<span class=\"wpcf7-form-control-wrap\" data-name=\"your-name\"><input size=\"40\" maxlength=\"400\" class=\"wpcf7-form-control wpcf7-text wpcf7-validates-as-required\" autocomplete=\"name\" aria-required=\"true\" aria-invalid=\"false\" value=\"\" type=\"text\" name=\"your-name\" \/><\/span> <\/label>\n<\/p>\n<p><label> Tw\u00f3j adres e-mail<br \/>\n<span class=\"wpcf7-form-control-wrap\" data-name=\"your-email\"><input size=\"40\" maxlength=\"400\" class=\"wpcf7-form-control wpcf7-email wpcf7-validates-as-required wpcf7-text wpcf7-validates-as-email\" autocomplete=\"email\" aria-required=\"true\" aria-invalid=\"false\" value=\"\" type=\"email\" name=\"your-email\" \/><\/span> <\/label>\n<\/p>\n<p><label> Temat<br \/>\n<span class=\"wpcf7-form-control-wrap\" data-name=\"your-subject\"><input size=\"40\" maxlength=\"400\" class=\"wpcf7-form-control wpcf7-text wpcf7-validates-as-required\" aria-required=\"true\" aria-invalid=\"false\" value=\"\" type=\"text\" name=\"your-subject\" \/><\/span> <\/label>\n<\/p>\n<p><label> Twoja wiadomo\u015bci (opcjonalne)<br \/>\n<span class=\"wpcf7-form-control-wrap\" data-name=\"your-message\"><textarea cols=\"40\" rows=\"10\" maxlength=\"2000\" class=\"wpcf7-form-control wpcf7-textarea\" aria-invalid=\"false\" name=\"your-message\"><\/textarea><\/span> <\/label>\n<\/p>\n<p><input class=\"wpcf7-form-control wpcf7-submit has-spinner\" type=\"submit\" value=\"Wy\u015blij\" \/>\n<\/p><div class=\"wpcf7-response-output\" aria-hidden=\"true\"><\/div>\n<\/form>\n<\/div>\n\t\t\t\t<\/div>\n\t\t\t\t<\/div>\n\t\t\t\t<\/div>\n\t\t\t\t<\/div>\n\t\t\t\t<\/div>\n\t\t","protected":false},"excerpt":{"rendered":"<p>KONTAKT Je\u015bli marzycie o \u015blubie, kt\u00f3ry b\u0119dzie niezapomniany, pi\u0119knie spersonalizowany i perfekcyjnie zorganizowany \u2013 trafili\u015bcie w idealne miejsce. Mail: ambrozowicz.wedding@gmail.com tel: +48 534 160 345 Twoje imi\u0119 i nazwisko Tw\u00f3j adres e-mail Temat Twoja wiadomo\u015bci (opcjonalne)<\/p>\n","protected":false},"author":1,"featured_media":0,"parent":0,"menu_order":0,"comment_status":"closed","ping_status":"closed","template":"","meta":{"site-sidebar-layout":"no-sidebar","site-content-layout":"","ast-site-content-layout":"full-width-container","site-content-style":"default","site-sidebar-style":"default","ast-global-header-display":"","ast-banner-title-visibility":"","ast-main-header-display":"","ast-hfb-above-header-display":"","ast-hfb-below-header-display":"","ast-hfb-mobile-header-display":"","site-post-title":"disabled","ast-breadcrumbs-content":"","ast-featured-img":"disabled","footer-sml-layout":"","theme-transparent-header-meta":"","adv-header-id-meta":"","stick-header-meta":"","header-above-stick-meta":"","header-main-stick-meta":"","header-below-stick-meta":"","astra-migrate-meta-layouts":"default","ast-page-background-enabled":"default","ast-page-background-meta":{"desktop":{"background-color":"var(--ast-global-color-5)","background-image":"","background-repeat":"repeat","background-position":"center center","background-size":"auto","background-attachment":"scroll","background-type":"","background-media":"","overlay-type":"","overlay-color":"","overlay-opacity":"","overlay-gradient":""},"tablet":{"background-color":"","background-image":"","background-repeat":"repeat","background-position":"center center","background-size":"auto","background-attachment":"scroll","background-type":"","background-media":"","overlay-type":"","overlay-color":"","overlay-opacity":"","overlay-gradient":""},"mobile":{"background-color":"","background-image":"","background-repeat":"repeat","background-position":"center center","background-size":"auto","background-attachment":"scroll","background-type":"","background-media":"","overlay-type":"","overlay-color":"","overlay-opacity":"","overlay-gradient":""}},"ast-content-background-meta":{"desktop":{"background-color":"var(--ast-global-color-4)","background-image":"","background-repeat":"repeat","background-position":"center center","background-size":"auto","background-attachment":"scroll","background-type":"","background-media":"","overlay-type":"","overlay-color":"","overlay-opacity":"","overlay-gradient":""},"tablet":{"background-color":"var(--ast-global-color-4)","background-image":"","background-repeat":"repeat","background-position":"center center","background-size":"auto","background-attachment":"scroll","background-type":"","background-media":"","overlay-type":"","overlay-color":"","overlay-opacity":"","overlay-gradient":""},"mobile":{"background-color":"var(--ast-global-color-4)","background-image":"","background-repeat":"repeat","background-position":"center center","background-size":"auto","background-attachment":"scroll","background-type":"","background-media":"","overlay-type":"","overlay-color":"","overlay-opacity":"","overlay-gradient":""}},"footnotes":""},"class_list":["post-839","page","type-page","status-publish","hentry"],"yoast_head":"<!-- This site is optimized with the Yoast SEO plugin v25.6 - https:\/\/yoast.com\/wordpress\/plugins\/seo\/ -->\n<title>Contact - Ambrozowicz Wedding<\/title>\n<meta name=\"robots\" content=\"index, follow, max-snippet:-1, max-image-preview:large, max-video-preview:-1\" \/>\n<link rel=\"canonical\" href=\"https:\/\/ambrozowiczwedding.pl\/?page_id=839\" \/>\n<meta property=\"og:locale\" content=\"pl_PL\" \/>\n<meta property=\"og:type\" content=\"article\" \/>\n<meta property=\"og:title\" content=\"Contact - Ambrozowicz Wedding\" \/>\n<meta property=\"og:description\" content=\"KONTAKT Je\u015bli marzycie o \u015blubie, kt\u00f3ry b\u0119dzie niezapomniany, pi\u0119knie spersonalizowany i perfekcyjnie zorganizowany \u2013 trafili\u015bcie w idealne miejsce. Mail: ambrozowicz.wedding@gmail.com tel: +48 534 160 345 Twoje imi\u0119 i nazwisko Tw\u00f3j adres e-mail Temat Twoja wiadomo\u015bci (opcjonalne)\" \/>\n<meta property=\"og:url\" content=\"https:\/\/ambrozowiczwedding.pl\/?page_id=839\" \/>\n<meta property=\"og:site_name\" content=\"Ambrozowicz Wedding\" \/>\n<meta property=\"article:modified_time\" content=\"2025-08-08T15:24:04+00:00\" \/>\n<meta name=\"twitter:card\" content=\"summary_large_image\" \/>\n<meta name=\"twitter:label1\" content=\"Szacowany czas czytania\" \/>\n\t<meta name=\"twitter:data1\" content=\"1 minuta\" \/>\n<script type=\"application\/ld+json\" class=\"yoast-schema-graph\">{\"@context\":\"https:\/\/schema.org\",\"@graph\":[{\"@type\":\"WebPage\",\"@id\":\"https:\/\/ambrozowiczwedding.pl\/?page_id=839\",\"url\":\"https:\/\/ambrozowiczwedding.pl\/?page_id=839\",\"name\":\"Contact - Ambrozowicz Wedding\",\"isPartOf\":{\"@id\":\"https:\/\/ambrozowiczwedding.pl\/#website\"},\"datePublished\":\"2025-07-16T15:38:20+00:00\",\"dateModified\":\"2025-08-08T15:24:04+00:00\",\"breadcrumb\":{\"@id\":\"https:\/\/ambrozowiczwedding.pl\/?page_id=839#breadcrumb\"},\"inLanguage\":\"pl-PL\",\"potentialAction\":[{\"@type\":\"ReadAction\",\"target\":[\"https:\/\/ambrozowiczwedding.pl\/?page_id=839\"]}]},{\"@type\":\"BreadcrumbList\",\"@id\":\"https:\/\/ambrozowiczwedding.pl\/?page_id=839#breadcrumb\",\"itemListElement\":[{\"@type\":\"ListItem\",\"position\":1,\"name\":\"Home\",\"item\":\"https:\/\/ambrozowiczwedding.pl\/\"},{\"@type\":\"ListItem\",\"position\":2,\"name\":\"Contact\"}]},{\"@type\":\"WebSite\",\"@id\":\"https:\/\/ambrozowiczwedding.pl\/#website\",\"url\":\"https:\/\/ambrozowiczwedding.pl\/\",\"name\":\"Ambrozowicz Wedding\",\"description\":\"\",\"potentialAction\":[{\"@type\":\"SearchAction\",\"target\":{\"@type\":\"EntryPoint\",\"urlTemplate\":\"https:\/\/ambrozowiczwedding.pl\/?s={search_term_string}\"},\"query-input\":{\"@type\":\"PropertyValueSpecification\",\"valueRequired\":true,\"valueName\":\"search_term_string\"}}],\"inLanguage\":\"pl-PL\"}]}<\/script>\n<!-- \/ Yoast SEO plugin. -->","yoast_head_json":{"title":"Contact - Ambrozowicz Wedding","robots":{"index":"index","follow":"follow","max-snippet":"max-snippet:-1","max-image-preview":"max-image-preview:large","max-video-preview":"max-video-preview:-1"},"canonical":"https:\/\/ambrozowiczwedding.pl\/?page_id=839","og_locale":"pl_PL","og_type":"article","og_title":"Contact - Ambrozowicz Wedding","og_description":"KONTAKT Je\u015bli marzycie o \u015blubie, kt\u00f3ry b\u0119dzie niezapomniany, pi\u0119knie spersonalizowany i perfekcyjnie zorganizowany \u2013 trafili\u015bcie w idealne miejsce. Mail: ambrozowicz.wedding@gmail.com tel: +48 534 160 345 Twoje imi\u0119 i nazwisko Tw\u00f3j adres e-mail Temat Twoja wiadomo\u015bci (opcjonalne)","og_url":"https:\/\/ambrozowiczwedding.pl\/?page_id=839","og_site_name":"Ambrozowicz Wedding","article_modified_time":"2025-08-08T15:24:04+00:00","twitter_card":"summary_large_image","twitter_misc":{"Szacowany czas czytania":"1 minuta"},"schema":{"@context":"https:\/\/schema.org","@graph":[{"@type":"WebPage","@id":"https:\/\/ambrozowiczwedding.pl\/?page_id=839","url":"https:\/\/ambrozowiczwedding.pl\/?page_id=839","name":"Contact - Ambrozowicz Wedding","isPartOf":{"@id":"https:\/\/ambrozowiczwedding.pl\/#website"},"datePublished":"2025-07-16T15:38:20+00:00","dateModified":"2025-08-08T15:24:04+00:00","breadcrumb":{"@id":"https:\/\/ambrozowiczwedding.pl\/?page_id=839#breadcrumb"},"inLanguage":"pl-PL","potentialAction":[{"@type":"ReadAction","target":["https:\/\/ambrozowiczwedding.pl\/?page_id=839"]}]},{"@type":"BreadcrumbList","@id":"https:\/\/ambrozowiczwedding.pl\/?page_id=839#breadcrumb","itemListElement":[{"@type":"ListItem","position":1,"name":"Home","item":"https:\/\/ambrozowiczwedding.pl\/"},{"@type":"ListItem","position":2,"name":"Contact"}]},{"@type":"WebSite","@id":"https:\/\/ambrozowiczwedding.pl\/#website","url":"https:\/\/ambrozowiczwedding.pl\/","name":"Ambrozowicz Wedding","description":"","potentialAction":[{"@type":"SearchAction","target":{"@type":"EntryPoint","urlTemplate":"https:\/\/ambrozowiczwedding.pl\/?s={search_term_string}"},"query-input":{"@type":"PropertyValueSpecification","valueRequired":true,"valueName":"search_term_string"}}],"inLanguage":"pl-PL"}]}},"_links":{"self":[{"href":"https:\/\/ambrozowiczwedding.pl\/index.php?rest_route=\/wp\/v2\/pages\/839","targetHints":{"allow":["GET"]}}],"collection":[{"href":"https:\/\/ambrozowiczwedding.pl\/index.php?rest_route=\/wp\/v2\/pages"}],"about":[{"href":"https:\/\/ambrozowiczwedding.pl\/index.php?rest_route=\/wp\/v2\/types\/page"}],"author":[{"embeddable":true,"href":"https:\/\/ambrozowiczwedding.pl\/index.php?rest_route=\/wp\/v2\/users\/1"}],"replies":[{"embeddable":true,"href":"https:\/\/ambrozowiczwedding.pl\/index.php?rest_route=%2Fwp%2Fv2%2Fcomments&post=839"}],"version-history":[{"count":3,"href":"https:\/\/ambrozowiczwedding.pl\/index.php?rest_route=\/wp\/v2\/pages\/839\/revisions"}],"predecessor-version":[{"id":1615,"href":"https:\/\/ambrozowiczwedding.pl\/index.php?rest_route=\/wp\/v2\/pages\/839\/revisions\/1615"}],"wp:attachment":[{"href":"https:\/\/ambrozowiczwedding.pl\/index.php?rest_route=%2Fwp%2Fv2%2Fmedia&parent=839"}],"curies":[{"name":"wp","href":"https:\/\/api.w.org\/{rel}","templated":true}]}}